{"id":34,"date":"2023-07-07T12:45:41","date_gmt":"2023-07-07T12:45:41","guid":{"rendered":"http:\/\/creativbad.at\/?page_id=34"},"modified":"2023-07-10T14:21:24","modified_gmt":"2023-07-10T14:21:24","slug":"leistungen","status":"publish","type":"page","link":"http:\/\/creativbad.at\/?page_id=34","title":{"rendered":"Leistungen"},"content":{"rendered":"\n<p>Badsanierung und mehr \u2013 das Leistungsspektrum der Badprofis aus Graz<br>Ob modernes Luxusbad, barrierefreie Gestaltung f\u00fcr Senioren oder Wellnessoase mit Infrarotkabine \u2013 wenn Sie einen erfahrenen Ansprechpartner in Sachen Badgestaltung suchen, dann sind Sie bei CreativBad in Graz in den besten H\u00e4nden. Wir sind Ihre zuverl\u00e4ssigen Fachleute rund um das Thema Badezimmer \u2013 vom Neubau bis zur umfassenden Badsanierung. \u00dcberzeugen Sie sich doch einfach pers\u00f6nlich!<\/p>\n\n\n\n<p>Wir sind Ihr Fachbetrieb f\u00fcr Badsanierung und Neubau<br>Unsere Badexperten aus Graz \u00fcberzeugen mit einem umfassenden Leistungsspektrum, das keine W\u00fcnsche offen l\u00e4sst. Profitieren Sie von einem Rundum-Service in Sachen Badsanierung oder -neubau. Wir bieten Ihnen:<\/p>\n\n\n\n<p>\u2022 Komplettabwicklung des Projekts<br>\u2022 Kompetente Beratung in unserem Schauraum in Graz<br>\u2022 Professionelle Badplanung in Zusammenarbeit mit den Kunden<br>\u2022 Markenqualit\u00e4t f\u00fchrender Hersteller<br>\u2022 Faires Preis-Leistungs-Verh\u00e4ltnis durch Eigenimporte<br>\u2022 Flexible \u00d6ffnungszeiten nach individueller Terminvereinbarung<\/p>\n\n\n\n<p>Durch die enge Zusammenarbeit mit verschiedenen Partnerfirmen haben wir au\u00dferdem die M\u00f6glichkeit, Ihnen verschiedenste Dienstleistungen rund um Ihr Wohlf\u00fchlbad zu vermitteln. Dazu z\u00e4hlen:<\/p>\n\n\n\n<p>\u2022 Sanit\u00e4rinstallation<br>\u2022 Elektroinstallation<br>\u2022 Fliesenverlegung<br>\u2022 Innenausbau<br>\u2022 Stuckateur- und Malerarbeiten<br>\u2022 Lieferung und Montage<\/p>\n\n\n\n<p>Lassen Sie sich vom CreativBad-Team aus Graz individuell beraten<br>Unser umfassender Service in Sachen Badsanierung und -gestaltung spricht Sie an? Gerne werden wir auch f\u00fcr Sie t\u00e4tig. Vereinbaren Sie gleich einen Termin mit uns und lassen Sie sich ausf\u00fchrlich beraten. Wir freuen auf Ihre Anfragen und Ihren Besuch in unserem Schauraum.<\/p>\n","protected":false},"excerpt":{"rendered":"<p>Badsanierung und mehr \u2013 das Leistungsspektrum der Badprofis aus GrazOb modernes Luxusbad, barrierefreie Gestaltung f\u00fcr Senioren oder Wellnessoase mit Infrarotkabine \u2013 wenn Sie einen erfahrenen Ansprechpartner in Sachen Badgestaltung suchen, dann sind Sie bei CreativBad in Graz in den besten H\u00e4nden. Wir sind Ihre zuverl\u00e4ssigen Fachleute rund um das Thema Badezimmer \u2013 vom Neubau bis [&hellip;]<\/p>\n","protected":false},"author":1,"featured_media":0,"parent":0,"menu_order":2,"comment_status":"closed","ping_status":"closed","template":"","meta":{"footnotes":""},"class_list":["post-34","page","type-page","status-publish","hentry"],"_links":{"self":[{"href":"http:\/\/creativbad.at\/index.php?rest_route=\/wp\/v2\/pages\/34","targetHints":{"allow":["GET"]}}],"collection":[{"href":"http:\/\/creativbad.at\/index.php?rest_route=\/wp\/v2\/pages"}],"about":[{"href":"http:\/\/creativbad.at\/index.php?rest_route=\/wp\/v2\/types\/page"}],"author":[{"embeddable":true,"href":"http:\/\/creativbad.at\/index.php?rest_route=\/wp\/v2\/users\/1"}],"replies":[{"embeddable":true,"href":"http:\/\/creativbad.at\/index.php?rest_route=%2Fwp%2Fv2%2Fcomments&post=34"}],"version-history":[{"count":2,"href":"http:\/\/creativbad.at\/index.php?rest_route=\/wp\/v2\/pages\/34\/revisions"}],"predecessor-version":[{"id":37,"href":"http:\/\/creativbad.at\/index.php?rest_route=\/wp\/v2\/pages\/34\/revisions\/37"}],"wp:attachment":[{"href":"http:\/\/creativbad.at\/index.php?rest_route=%2Fwp%2Fv2%2Fmedia&parent=34"}],"curies":[{"name":"wp","href":"https:\/\/api.w.org\/{rel}","templated":true}]}}